{"id":216,"date":"2016-02-22T13:09:40","date_gmt":"2016-02-22T12:09:40","guid":{"rendered":"http:\/\/localhost\/wordpress\/?page_id=216"},"modified":"2024-03-08T15:41:41","modified_gmt":"2024-03-08T14:41:41","slug":"home","status":"publish","type":"page","link":"https:\/\/bards.fr\/fr\/","title":{"rendered":"\u0413\u043b\u0430\u0432\u043d\u0430\u044f"},"content":{"rendered":"\n<div class=\"is-layout-flex wp-container-3 wp-block-columns\">\n<div class=\"is-layout-flow wp-block-column\" style=\"flex-basis:100%\">\n<div class=\"is-layout-flow wp-block-group alignfull\"><div class=\"wp-block-group__inner-container\"><ul class=\"wp-block-latest-posts__list has-dates wp-block-latest-posts\"><li><div class=\"wp-block-latest-posts__featured-image alignleft\"><a href=\"https:\/\/bards.fr\/fr\/2024\/03\/08\/my-budem-rady-esli-vy-stanete-chlenom-nashego-kluba-v-etom-godu\/\" aria-label=\"\u041c\u044b \u0431\u0443\u0434\u0435\u043c \u0440\u0430\u0434\u044b, \u0435\u0441\u043b\u0438 \u0432\u044b \u0441\u0442\u0430\u043d\u0435\u0442\u0435 \u0447\u043b\u0435\u043d\u043e\u043c \u043d\u0430\u0448\u0435\u0433\u043e \u043a\u043b\u0443\u0431\u0430 \u0432 \u044d\u0442\u043e\u043c \u0433\u043e\u0434\u0443\"><img width=\"300\" height=\"300\" src=\"https:\/\/bards.fr\/wp-content\/uploads\/Foto-Nikitiny-PKAP-28-oktyabrya-300x300.jpeg\" class=\"attachment-thumbnail size-thumbnail wp-post-image\" alt=\"\" decoding=\"async\" loading=\"lazy\" style=\"max-width:300px;max-height:300px;\" srcset=\"https:\/\/bards.fr\/wp-content\/uploads\/Foto-Nikitiny-PKAP-28-oktyabrya-300x300.jpeg 300w, https:\/\/bards.fr\/wp-content\/uploads\/Foto-Nikitiny-PKAP-28-oktyabrya-500x500.jpeg 500w, https:\/\/bards.fr\/wp-content\/uploads\/Foto-Nikitiny-PKAP-28-oktyabrya-1024x1024.jpeg 1024w, https:\/\/bards.fr\/wp-content\/uploads\/Foto-Nikitiny-PKAP-28-oktyabrya-768x768.jpeg 768w, https:\/\/bards.fr\/wp-content\/uploads\/Foto-Nikitiny-PKAP-28-oktyabrya-1536x1536.jpeg 1536w, https:\/\/bards.fr\/wp-content\/uploads\/Foto-Nikitiny-PKAP-28-oktyabrya-600x600.jpeg 600w, https:\/\/bards.fr\/wp-content\/uploads\/Foto-Nikitiny-PKAP-28-oktyabrya.jpeg 1600w\" sizes=\"(max-width: 300px) 100vw, 300px\" \/><\/a><\/div><a class=\"wp-block-latest-posts__post-title\" href=\"https:\/\/bards.fr\/fr\/2024\/03\/08\/my-budem-rady-esli-vy-stanete-chlenom-nashego-kluba-v-etom-godu\/\">\u041c\u044b \u0431\u0443\u0434\u0435\u043c \u0440\u0430\u0434\u044b, \u0435\u0441\u043b\u0438 \u0432\u044b \u0441\u0442\u0430\u043d\u0435\u0442\u0435 \u0447\u043b\u0435\u043d\u043e\u043c \u043d\u0430\u0448\u0435\u0433\u043e \u043a\u043b\u0443\u0431\u0430 \u0432 \u044d\u0442\u043e\u043c \u0433\u043e\u0434\u0443<\/a><time datetime=\"2024-03-08T15:47:15+01:00\" class=\"wp-block-latest-posts__post-date\">03\/08\/2024<\/time><div class=\"wp-block-latest-posts__post-excerpt\">\u041f\u043e\u0447\u0451\u0442\u043d\u044b\u0439 \u0447\u043b\u0435\u043d \u041a\u043b\u0443\u0431\u0430 2024(\u0441\u043b\u0435\u0434\u0443\u0439 \u043f\u043e \u0441\u0441\u044b\u043b\u043a\u0435)<\/div><\/li>\n<li><div class=\"wp-block-latest-posts__featured-image alignleft\"><a href=\"https:\/\/bards.fr\/fr\/2023\/03\/04\/kontsert-veroniki-dolinoj\/\" aria-label=\"\u041a\u043e\u043d\u0446\u0435\u0440\u0442 \u0412\u0435\u0440\u043e\u043d\u0438\u043a\u0438 \u0414\u043e\u043b\u0438\u043d\u043e\u0439\"><img width=\"183\" height=\"300\" src=\"https:\/\/bards.fr\/wp-content\/uploads\/IMG_2941-183x300.jpg\" class=\"attachment-thumbnail size-thumbnail wp-post-image\" alt=\"\" decoding=\"async\" loading=\"lazy\" style=\"max-width:300px;max-height:300px;\" srcset=\"https:\/\/bards.fr\/wp-content\/uploads\/IMG_2941-183x300.jpg 183w, https:\/\/bards.fr\/wp-content\/uploads\/IMG_2941-305x500.jpg 305w, https:\/\/bards.fr\/wp-content\/uploads\/IMG_2941-625x1024.jpg 625w, https:\/\/bards.fr\/wp-content\/uploads\/IMG_2941-768x1258.jpg 768w, https:\/\/bards.fr\/wp-content\/uploads\/IMG_2941-937x1536.jpg 937w, https:\/\/bards.fr\/wp-content\/uploads\/IMG_2941.jpg 960w\" sizes=\"(max-width: 183px) 100vw, 183px\" \/><\/a><\/div><a class=\"wp-block-latest-posts__post-title\" href=\"https:\/\/bards.fr\/fr\/2023\/03\/04\/kontsert-veroniki-dolinoj\/\">\u041a\u043e\u043d\u0446\u0435\u0440\u0442 \u0412\u0435\u0440\u043e\u043d\u0438\u043a\u0438 \u0414\u043e\u043b\u0438\u043d\u043e\u0439<\/a><time datetime=\"2023-03-04T22:03:04+01:00\" class=\"wp-block-latest-posts__post-date\">03\/04\/2023<\/time><div class=\"wp-block-latest-posts__post-excerpt\">\u041d\u0430\u0448 \u0444\u0435\u0432\u0440\u0430\u043b\u044c \u0431\u044b\u043b \u043e\u0441\u0432\u0435\u0449\u0451\u043d \u044f\u0440\u043a\u043e\u0439, \u043c\u043e\u043b\u043d\u0438\u0435\u043d\u043e\u0441\u043d\u043e\u0439 \u043a\u043e\u043c\u0435\u0442\u043e\u0439 \u043f\u043e \u0438\u043c\u0435\u043d\u0438 \u0412\u0435\u0440\u043e\u043d\u0438\u043a\u0430 \u0414\u043e\u043b\u0438\u043d\u0430! \u041a\u043e\u043d\u0446\u0435\u0440\u0442 18 \u0444\u0435\u0432\u0440\u0430\u043b\u044f \u0432 \u041f\u0430\u0440\u0438\u0436\u0435 \u043f\u0440\u043e\u043d\u0451\u0441\u0441\u044f \u043d\u0430 \u043e\u0434\u043d\u043e\u043c \u0434\u044b\u0445\u0430\u043d\u0438\u0438. \u0417\u0430\u043b \u0431\u043e\u044f\u043b\u0441\u044f \u043f\u043e\u0448\u0435\u0432\u0435\u043b\u0438\u0442\u044c\u0441\u044f, \u0447\u0442\u043e\u0431\u044b \u043d\u0435 [&hellip;]<\/div><\/li>\n<li><div class=\"wp-block-latest-posts__featured-image alignleft\"><a href=\"https:\/\/bards.fr\/fr\/2023\/02\/02\/kontserty-aleksandra-gorodnitskogo-v-parizhe\/\" aria-label=\"Les concerts d&rsquo;Alexandre Gorodnitskiy a Paris\"><img width=\"300\" height=\"199\" src=\"https:\/\/bards.fr\/wp-content\/uploads\/1-4-300x199.jpg\" class=\"attachment-thumbnail size-thumbnail wp-post-image\" alt=\"\" decoding=\"async\" loading=\"lazy\" style=\"max-width:300px;max-height:300px;\" srcset=\"https:\/\/bards.fr\/wp-content\/uploads\/1-4-300x199.jpg 300w, https:\/\/bards.fr\/wp-content\/uploads\/1-4-500x332.jpg 500w, https:\/\/bards.fr\/wp-content\/uploads\/1-4-1024x680.jpg 1024w, https:\/\/bards.fr\/wp-content\/uploads\/1-4-768x510.jpg 768w, https:\/\/bards.fr\/wp-content\/uploads\/1-4-1536x1019.jpg 1536w, https:\/\/bards.fr\/wp-content\/uploads\/1-4-600x400.jpg 600w, https:\/\/bards.fr\/wp-content\/uploads\/1-4.jpg 2048w\" sizes=\"(max-width: 300px) 100vw, 300px\" \/><\/a><\/div><a class=\"wp-block-latest-posts__post-title\" href=\"https:\/\/bards.fr\/fr\/2023\/02\/02\/kontserty-aleksandra-gorodnitskogo-v-parizhe\/\">Les concerts d&rsquo;Alexandre Gorodnitskiy a Paris<\/a><time datetime=\"2023-02-02T17:31:13+01:00\" class=\"wp-block-latest-posts__post-date\">02\/02\/2023<\/time><div class=\"wp-block-latest-posts__post-excerpt\">Nous avons v\u00e9cu d\u2019excellentes impressions lors des deux concerts d\u2019Alexandre Gorodnitski \u00e0 Paris, nous nous sommes impr\u00e9gn\u00e9s des paroles et des intonations importantes de cette [&hellip;]<\/div><\/li>\n<li><div class=\"wp-block-latest-posts__featured-image alignleft\"><a href=\"https:\/\/bards.fr\/fr\/2022\/09\/26\/tatiana-sergei-et-alexandr-nikitine-arrive-a-paris-avec-des-concerts\/\" aria-label=\"Tatiana, Sergei et Alexandre Nikitin a Paris\"><img width=\"300\" height=\"200\" src=\"https:\/\/bards.fr\/wp-content\/uploads\/article-300x200.jpg\" class=\"attachment-thumbnail size-thumbnail wp-post-image\" alt=\"\" decoding=\"async\" loading=\"lazy\" style=\"max-width:300px;max-height:300px;\" srcset=\"https:\/\/bards.fr\/wp-content\/uploads\/article-300x200.jpg 300w, https:\/\/bards.fr\/wp-content\/uploads\/article-500x334.jpg 500w, https:\/\/bards.fr\/wp-content\/uploads\/article-1024x683.jpg 1024w, https:\/\/bards.fr\/wp-content\/uploads\/article-768x512.jpg 768w, https:\/\/bards.fr\/wp-content\/uploads\/article-600x400.jpg 600w, https:\/\/bards.fr\/wp-content\/uploads\/article.jpg 1286w\" sizes=\"(max-width: 300px) 100vw, 300px\" \/><\/a><\/div><a class=\"wp-block-latest-posts__post-title\" href=\"https:\/\/bards.fr\/fr\/2022\/09\/26\/tatiana-sergei-et-alexandr-nikitine-arrive-a-paris-avec-des-concerts\/\">Tatiana, Sergei et Alexandre Nikitin a Paris<\/a><time datetime=\"2022-09-26T15:00:10+02:00\" class=\"wp-block-latest-posts__post-date\">09\/26\/2022<\/time><div class=\"wp-block-latest-posts__post-excerpt\">On a encore envie du soleil, de l\u2019\u00e9t\u00e9 doux et lumineux, on a envie de s\u2019entraider dans le tsunami de nouvelles inhumaines \u00e9prouvantes. Nous vous [&hellip;]<\/div><\/li>\n<li><div class=\"wp-block-latest-posts__featured-image alignleft\"><a href=\"https:\/\/bards.fr\/fr\/2022\/05\/19\/le-concert-de-pavel-fakhrtdinov-pour-son-anniversaire\/\" aria-label=\"Le concert de Pavel Fakhrtdinov pour son anniversaire\"><img width=\"300\" height=\"297\" src=\"https:\/\/bards.fr\/wp-content\/uploads\/718437FC-7CA0-40D0-BEDA-09A6B8F65593-300x297.jpg\" class=\"attachment-thumbnail size-thumbnail wp-post-image\" alt=\"\" decoding=\"async\" loading=\"lazy\" style=\"max-width:300px;max-height:300px;\" srcset=\"https:\/\/bards.fr\/wp-content\/uploads\/718437FC-7CA0-40D0-BEDA-09A6B8F65593-300x297.jpg 300w, https:\/\/bards.fr\/wp-content\/uploads\/718437FC-7CA0-40D0-BEDA-09A6B8F65593-500x495.jpg 500w, https:\/\/bards.fr\/wp-content\/uploads\/718437FC-7CA0-40D0-BEDA-09A6B8F65593-768x760.jpg 768w, https:\/\/bards.fr\/wp-content\/uploads\/718437FC-7CA0-40D0-BEDA-09A6B8F65593.jpg 933w\" sizes=\"(max-width: 300px) 100vw, 300px\" \/><\/a><\/div><a class=\"wp-block-latest-posts__post-title\" href=\"https:\/\/bards.fr\/fr\/2022\/05\/19\/le-concert-de-pavel-fakhrtdinov-pour-son-anniversaire\/\">Le concert de Pavel Fakhrtdinov pour son anniversaire<\/a><time datetime=\"2022-05-19T18:43:10+02:00\" class=\"wp-block-latest-posts__post-date\">05\/19\/2022<\/time><div class=\"wp-block-latest-posts__post-excerpt\">N&rsquo;oubliez pas reserver vos billets!!!<\/div><\/li>\n<\/ul><\/div><\/div>\n<\/div>\n<\/div>\n\n\n\n<hr class=\"wp-block-separator has-alpha-channel-opacity\"\/>\n\n\n\n<hr class=\"wp-block-separator has-alpha-channel-opacity\"\/>\n","protected":false},"excerpt":{"rendered":"","protected":false},"author":1,"featured_media":0,"parent":0,"menu_order":0,"comment_status":"closed","ping_status":"closed","template":"","meta":{"_genesis_hide_title":false,"_genesis_hide_breadcrumbs":false,"_genesis_hide_singular_image":false,"_genesis_hide_footer_widgets":false,"_genesis_custom_body_class":"","_genesis_custom_post_class":"","_genesis_layout":"content-sidebar"},"translation":{"provider":"WPGlobus","version":"3.0.1","language":"fr","enabled_languages":["ru","fr"],"languages":{"ru":{"title":true,"content":true,"excerpt":false},"fr":{"title":false,"content":false,"excerpt":false}}},"yoast_head":"<!-- This site is optimized with the Yoast SEO plugin v21.1 - https:\/\/yoast.com\/wordpress\/plugins\/seo\/ -->\n<title>Club Parisien de la chanson d&#039;auteur<\/title>\n<meta name=\"robots\" content=\"index, follow, max-snippet:-1, max-image-preview:large, max-video-preview:-1\" \/>\n<link rel=\"canonical\" href=\"https:\/\/bards.fr\/\" \/>\n<meta property=\"og:locale\" content=\"fr_FR\" \/>\n<meta property=\"og:type\" content=\"article\" \/>\n<meta property=\"og:title\" content=\"\u0413\u043b\u0430\u0432\u043d\u0430\u044f - Club Parisien de la chanson d&#039;auteur\" \/>\n<meta property=\"og:url\" content=\"https:\/\/bards.fr\/\" \/>\n<meta property=\"og:site_name\" content=\"Club Parisien de la chanson d&#039;auteur\" \/>\n<meta property=\"article:publisher\" content=\"https:\/\/www.facebook.com\/groups\/chanson.russe\" \/>\n<meta property=\"article:modified_time\" content=\"2024-03-08T14:41:41+00:00\" \/>\n<meta property=\"og:image\" content=\"https:\/\/bards.fr\/wp-content\/uploads\/facebook.png\" \/>\n\t<meta property=\"og:image:width\" content=\"272\" \/>\n\t<meta property=\"og:image:height\" content=\"185\" \/>\n\t<meta property=\"og:image:type\" content=\"image\/png\" \/>\n<meta name=\"twitter:card\" content=\"summary_large_image\" \/>\n<script type=\"application\/ld+json\" class=\"yoast-schema-graph\">{\"@context\":\"https:\/\/schema.org\",\"@graph\":[{\"@type\":\"WebPage\",\"@id\":\"https:\/\/bards.fr\/\",\"url\":\"https:\/\/bards.fr\/\",\"name\":\"Club Parisien de la chanson d&#039;auteur\",\"isPartOf\":{\"@id\":\"https:\/\/bards.fr\/fr\/#website\"},\"datePublished\":\"2016-02-22T12:09:40+00:00\",\"dateModified\":\"2024-03-08T14:41:41+00:00\",\"breadcrumb\":{\"@id\":\"https:\/\/bards.fr\/#breadcrumb\"},\"inLanguage\":\"fr-FR\",\"potentialAction\":[{\"@type\":\"ReadAction\",\"target\":[\"https:\/\/bards.fr\/\"]}]},{\"@type\":\"BreadcrumbList\",\"@id\":\"https:\/\/bards.fr\/#breadcrumb\",\"itemListElement\":[{\"@type\":\"ListItem\",\"position\":1,\"name\":\"Home\",\"item\":\"https:\/\/bards.fr\/\"},{\"@type\":\"ListItem\",\"position\":2,\"name\":\"\u0413\u043b\u0430\u0432\u043d\u0430\u044f\"}]},{\"@type\":\"WebSite\",\"@id\":\"https:\/\/bards.fr\/fr\/#website\",\"url\":\"https:\/\/bards.fr\/fr\/\",\"name\":\"Club Parisien de la chanson d&#039;auteur\",\"description\":\"\u041a\u0421\u041f \u0432 \u041f\u0430\u0440\u0438\u0436\u0435\",\"potentialAction\":[{\"@type\":\"SearchAction\",\"target\":{\"@type\":\"EntryPoint\",\"urlTemplate\":\"https:\/\/bards.fr\/fr\/?s={search_term_string}\"},\"query-input\":\"required name=search_term_string\"}],\"inLanguage\":\"fr-FR\"}]}<\/script>\n<!-- \/ Yoast SEO plugin. -->","yoast_head_json":{"title":"Club Parisien de la chanson d&#039;auteur","robots":{"index":"index","follow":"follow","max-snippet":"max-snippet:-1","max-image-preview":"max-image-preview:large","max-video-preview":"max-video-preview:-1"},"canonical":"https:\/\/bards.fr\/","og_locale":"fr_FR","og_type":"article","og_title":"\u0413\u043b\u0430\u0432\u043d\u0430\u044f - Club Parisien de la chanson d&#039;auteur","og_url":"https:\/\/bards.fr\/","og_site_name":"Club Parisien de la chanson d&#039;auteur","article_publisher":"https:\/\/www.facebook.com\/groups\/chanson.russe","article_modified_time":"2024-03-08T14:41:41+00:00","og_image":[{"width":272,"height":185,"url":"https:\/\/bards.fr\/wp-content\/uploads\/facebook.png","type":"image\/png"}],"twitter_card":"summary_large_image","schema":{"@context":"https:\/\/schema.org","@graph":[{"@type":"WebPage","@id":"https:\/\/bards.fr\/","url":"https:\/\/bards.fr\/","name":"Club Parisien de la chanson d&#039;auteur","isPartOf":{"@id":"https:\/\/bards.fr\/fr\/#website"},"datePublished":"2016-02-22T12:09:40+00:00","dateModified":"2024-03-08T14:41:41+00:00","breadcrumb":{"@id":"https:\/\/bards.fr\/#breadcrumb"},"inLanguage":"fr-FR","potentialAction":[{"@type":"ReadAction","target":["https:\/\/bards.fr\/"]}]},{"@type":"BreadcrumbList","@id":"https:\/\/bards.fr\/#breadcrumb","itemListElement":[{"@type":"ListItem","position":1,"name":"Home","item":"https:\/\/bards.fr\/"},{"@type":"ListItem","position":2,"name":"\u0413\u043b\u0430\u0432\u043d\u0430\u044f"}]},{"@type":"WebSite","@id":"https:\/\/bards.fr\/fr\/#website","url":"https:\/\/bards.fr\/fr\/","name":"Club Parisien de la chanson d&#039;auteur","description":"\u041a\u0421\u041f \u0432 \u041f\u0430\u0440\u0438\u0436\u0435","potentialAction":[{"@type":"SearchAction","target":{"@type":"EntryPoint","urlTemplate":"https:\/\/bards.fr\/fr\/?s={search_term_string}"},"query-input":"required name=search_term_string"}],"inLanguage":"fr-FR"}]}},"featured_image_src":null,"featured_image_src_square":null,"_links":{"self":[{"href":"https:\/\/bards.fr\/fr\/wp-json\/wp\/v2\/pages\/216"}],"collection":[{"href":"https:\/\/bards.fr\/fr\/wp-json\/wp\/v2\/pages"}],"about":[{"href":"https:\/\/bards.fr\/fr\/wp-json\/wp\/v2\/types\/page"}],"author":[{"embeddable":true,"href":"https:\/\/bards.fr\/fr\/wp-json\/wp\/v2\/users\/1"}],"replies":[{"embeddable":true,"href":"https:\/\/bards.fr\/fr\/wp-json\/wp\/v2\/comments?post=216"}],"version-history":[{"count":22,"href":"https:\/\/bards.fr\/fr\/wp-json\/wp\/v2\/pages\/216\/revisions"}],"predecessor-version":[{"id":2315,"href":"https:\/\/bards.fr\/fr\/wp-json\/wp\/v2\/pages\/216\/revisions\/2315"}],"wp:attachment":[{"href":"https:\/\/bards.fr\/fr\/wp-json\/wp\/v2\/media?parent=216"}],"curies":[{"name":"wp","href":"https:\/\/api.w.org\/{rel}","templated":true}]}}