{"id":687,"date":"2016-03-05T01:23:37","date_gmt":"2016-03-05T00:23:37","guid":{"rendered":"http:\/\/localhost\/wordpress\/?page_id=687"},"modified":"2021-05-21T21:51:23","modified_gmt":"2021-05-21T19:51:23","slug":"o_nas","status":"publish","type":"page","link":"https:\/\/bards.fr\/fr\/o_nas\/","title":{"rendered":"Le club"},"content":{"rendered":"\n<p>Notre club est n\u00e9 au printemps 2000, \u00e0 l&rsquo;initiative de plusieurs fans de la chanson de l&rsquo;auteur, qui manquent les petites salles bond\u00e9es de concerts amateurs, l&rsquo;ambiance chaleureuse et conviviale ou simplement la communication russophone. Peu \u00e0 peu, de nouvelles personnes nous ont rejoint, et par cons\u00e9quent.<\/p>\n\n\n\n<p>Nous organisons des concerts d&rsquo;auteurs russophones, \u00e0 la fois g\u00e9n\u00e9ralement populaires et moins connus du grand public. Et de temps en temps, nous organisons des petites rassemblements \u00e0 l&rsquo;\u00e9chelle du club avec la guitare.<\/p>\n","protected":false},"excerpt":{"rendered":"<p>Notre club est n\u00e9 au printemps 2000, \u00e0 l&rsquo;initiative de plusieurs fans de la chanson de l&rsquo;auteur, qui manquent les petites salles bond\u00e9es de concerts amateurs, l&rsquo;ambiance chaleureuse et conviviale ou simplement la communication russophone. Peu \u00e0 peu, de nouvelles personnes nous ont rejoint, et par cons\u00e9quent. Nous organisons des concerts d&rsquo;auteurs russophones, \u00e0 la [&hellip;]<\/p>\n","protected":false},"author":1,"featured_media":0,"parent":0,"menu_order":0,"comment_status":"closed","ping_status":"closed","template":"","meta":{"_genesis_hide_title":false,"_genesis_hide_breadcrumbs":false,"_genesis_hide_singular_image":false,"_genesis_hide_footer_widgets":false,"_genesis_custom_body_class":"","_genesis_custom_post_class":"","_genesis_layout":"content-sidebar"},"translation":{"provider":"WPGlobus","version":"3.0.1","language":"fr","enabled_languages":["ru","fr"],"languages":{"ru":{"title":true,"content":true,"excerpt":false},"fr":{"title":true,"content":true,"excerpt":false}}},"yoast_head":"<!-- This site is optimized with the Yoast SEO plugin v21.1 - https:\/\/yoast.com\/wordpress\/plugins\/seo\/ -->\n<title>Le club - Club Parisien de la chanson d&#039;auteur<\/title>\n<meta name=\"robots\" content=\"index, follow, max-snippet:-1, max-image-preview:large, max-video-preview:-1\" \/>\n<link rel=\"canonical\" href=\"https:\/\/bards.fr\/o_nas\/\" \/>\n<meta property=\"og:locale\" content=\"fr_FR\" \/>\n<meta property=\"og:type\" content=\"article\" \/>\n<meta property=\"og:title\" content=\"Le club - Club Parisien de la chanson d&#039;auteur\" \/>\n<meta property=\"og:url\" content=\"https:\/\/bards.fr\/o_nas\/\" \/>\n<meta property=\"og:site_name\" content=\"Club Parisien de la chanson d&#039;auteur\" \/>\n<meta property=\"article:publisher\" content=\"https:\/\/www.facebook.com\/groups\/chanson.russe\" \/>\n<meta property=\"article:modified_time\" content=\"2021-05-21T19:51:23+00:00\" \/>\n<meta property=\"og:image\" content=\"https:\/\/bards.fr\/wp-content\/uploads\/facebook.png\" \/>\n\t<meta property=\"og:image:width\" content=\"272\" \/>\n\t<meta property=\"og:image:height\" content=\"185\" \/>\n\t<meta property=\"og:image:type\" content=\"image\/png\" \/>\n<meta name=\"twitter:card\" content=\"summary_large_image\" \/>\n<script type=\"application\/ld+json\" class=\"yoast-schema-graph\">{\"@context\":\"https:\/\/schema.org\",\"@graph\":[{\"@type\":\"WebPage\",\"@id\":\"https:\/\/bards.fr\/o_nas\/\",\"url\":\"https:\/\/bards.fr\/o_nas\/\",\"name\":\"Le club - Club Parisien de la chanson d&#039;auteur\",\"isPartOf\":{\"@id\":\"https:\/\/bards.fr\/fr\/#website\"},\"datePublished\":\"2016-03-05T00:23:37+00:00\",\"dateModified\":\"2021-05-21T19:51:23+00:00\",\"breadcrumb\":{\"@id\":\"https:\/\/bards.fr\/o_nas\/#breadcrumb\"},\"inLanguage\":\"fr-FR\",\"potentialAction\":[{\"@type\":\"ReadAction\",\"target\":[\"https:\/\/bards.fr\/o_nas\/\"]}]},{\"@type\":\"BreadcrumbList\",\"@id\":\"https:\/\/bards.fr\/o_nas\/#breadcrumb\",\"itemListElement\":[{\"@type\":\"ListItem\",\"position\":1,\"name\":\"Home\",\"item\":\"https:\/\/bards.fr\/\"},{\"@type\":\"ListItem\",\"position\":2,\"name\":\"\u041e \u043d\u0430\u0441\"}]},{\"@type\":\"WebSite\",\"@id\":\"https:\/\/bards.fr\/fr\/#website\",\"url\":\"https:\/\/bards.fr\/fr\/\",\"name\":\"Club Parisien de la chanson d&#039;auteur\",\"description\":\"\u041a\u0421\u041f \u0432 \u041f\u0430\u0440\u0438\u0436\u0435\",\"potentialAction\":[{\"@type\":\"SearchAction\",\"target\":{\"@type\":\"EntryPoint\",\"urlTemplate\":\"https:\/\/bards.fr\/fr\/?s={search_term_string}\"},\"query-input\":\"required name=search_term_string\"}],\"inLanguage\":\"fr-FR\"}]}<\/script>\n<!-- \/ Yoast SEO plugin. -->","yoast_head_json":{"title":"Le club - Club Parisien de la chanson d&#039;auteur","robots":{"index":"index","follow":"follow","max-snippet":"max-snippet:-1","max-image-preview":"max-image-preview:large","max-video-preview":"max-video-preview:-1"},"canonical":"https:\/\/bards.fr\/o_nas\/","og_locale":"fr_FR","og_type":"article","og_title":"Le club - Club Parisien de la chanson d&#039;auteur","og_url":"https:\/\/bards.fr\/o_nas\/","og_site_name":"Club Parisien de la chanson d&#039;auteur","article_publisher":"https:\/\/www.facebook.com\/groups\/chanson.russe","article_modified_time":"2021-05-21T19:51:23+00:00","og_image":[{"width":272,"height":185,"url":"https:\/\/bards.fr\/wp-content\/uploads\/facebook.png","type":"image\/png"}],"twitter_card":"summary_large_image","schema":{"@context":"https:\/\/schema.org","@graph":[{"@type":"WebPage","@id":"https:\/\/bards.fr\/o_nas\/","url":"https:\/\/bards.fr\/o_nas\/","name":"Le club - Club Parisien de la chanson d&#039;auteur","isPartOf":{"@id":"https:\/\/bards.fr\/fr\/#website"},"datePublished":"2016-03-05T00:23:37+00:00","dateModified":"2021-05-21T19:51:23+00:00","breadcrumb":{"@id":"https:\/\/bards.fr\/o_nas\/#breadcrumb"},"inLanguage":"fr-FR","potentialAction":[{"@type":"ReadAction","target":["https:\/\/bards.fr\/o_nas\/"]}]},{"@type":"BreadcrumbList","@id":"https:\/\/bards.fr\/o_nas\/#breadcrumb","itemListElement":[{"@type":"ListItem","position":1,"name":"Home","item":"https:\/\/bards.fr\/"},{"@type":"ListItem","position":2,"name":"\u041e \u043d\u0430\u0441"}]},{"@type":"WebSite","@id":"https:\/\/bards.fr\/fr\/#website","url":"https:\/\/bards.fr\/fr\/","name":"Club Parisien de la chanson d&#039;auteur","description":"\u041a\u0421\u041f \u0432 \u041f\u0430\u0440\u0438\u0436\u0435","potentialAction":[{"@type":"SearchAction","target":{"@type":"EntryPoint","urlTemplate":"https:\/\/bards.fr\/fr\/?s={search_term_string}"},"query-input":"required name=search_term_string"}],"inLanguage":"fr-FR"}]}},"featured_image_src":null,"featured_image_src_square":null,"_links":{"self":[{"href":"https:\/\/bards.fr\/fr\/wp-json\/wp\/v2\/pages\/687"}],"collection":[{"href":"https:\/\/bards.fr\/fr\/wp-json\/wp\/v2\/pages"}],"about":[{"href":"https:\/\/bards.fr\/fr\/wp-json\/wp\/v2\/types\/page"}],"author":[{"embeddable":true,"href":"https:\/\/bards.fr\/fr\/wp-json\/wp\/v2\/users\/1"}],"replies":[{"embeddable":true,"href":"https:\/\/bards.fr\/fr\/wp-json\/wp\/v2\/comments?post=687"}],"version-history":[{"count":4,"href":"https:\/\/bards.fr\/fr\/wp-json\/wp\/v2\/pages\/687\/revisions"}],"predecessor-version":[{"id":1900,"href":"https:\/\/bards.fr\/fr\/wp-json\/wp\/v2\/pages\/687\/revisions\/1900"}],"wp:attachment":[{"href":"https:\/\/bards.fr\/fr\/wp-json\/wp\/v2\/media?parent=687"}],"curies":[{"name":"wp","href":"https:\/\/api.w.org\/{rel}","templated":true}]}}