{"id":692,"date":"2016-03-07T09:14:30","date_gmt":"2016-03-07T08:14:30","guid":{"rendered":"http:\/\/localhost\/wordpress\/?page_id=692"},"modified":"2022-04-23T13:51:18","modified_gmt":"2022-04-23T11:51:18","slug":"kontakty","status":"publish","type":"page","link":"https:\/\/bards.fr\/fr\/kontakty\/","title":{"rendered":"Nous contacter"},"content":{"rendered":"<section>\n<h4>Lettre d&rsquo;information<\/h4>\n<p>Pour recevoir les annonces de tous nos concerts et soir\u00e9es-guitare \u00e9crivez \u00e0\u00a0<a href=\"mailto:ksp.paris@gmail.com\"><u>ksp.paris@gmail.com<\/u><\/a><\/p>\n<hr \/>\n<h4>Organisation de concerts<\/h4>\n<p>Ecrire \u00e0 l&rsquo;adresse suivante pour toute proposition de concert ou question d&rsquo;organisation: <a href=\"mailto:ksp.paris@gmail.com\"><u>ksp.paris@gmail.com<\/u><\/a><\/p>\n<hr \/>\n<h4>Divers<\/h4>\n<p>Renseignements et r\u00e9servations pour les concerts: <a href=\"mailto:ksp.paris@gmail.com\"><u>ksp.paris@gmail.com<\/u><\/a><\/p>\n<\/section>\n","protected":false},"excerpt":{"rendered":"<p>Lettre d&rsquo;information Pour recevoir les annonces de tous nos concerts et soir\u00e9es-guitare \u00e9crivez \u00e0\u00a0ksp.paris@gmail.com Organisation de concerts Ecrire \u00e0 l&rsquo;adresse suivante pour toute proposition de concert ou question d&rsquo;organisation: ksp.paris@gmail.com Divers Renseignements et r\u00e9servations pour les concerts: ksp.paris@gmail.com<\/p>\n","protected":false},"author":1,"featured_media":0,"parent":0,"menu_order":0,"comment_status":"closed","ping_status":"closed","template":"","meta":{"_genesis_hide_title":false,"_genesis_hide_breadcrumbs":false,"_genesis_hide_singular_image":false,"_genesis_hide_footer_widgets":false,"_genesis_custom_body_class":"","_genesis_custom_post_class":"","_genesis_layout":""},"translation":{"provider":"WPGlobus","version":"3.0.1","language":"fr","enabled_languages":["ru","fr"],"languages":{"ru":{"title":true,"content":true,"excerpt":false},"fr":{"title":true,"content":true,"excerpt":false}}},"yoast_head":"<!-- This site is optimized with the Yoast SEO plugin v21.1 - https:\/\/yoast.com\/wordpress\/plugins\/seo\/ -->\n<title>Nous contacter - Club Parisien de la chanson d&#039;auteur<\/title>\n<meta name=\"robots\" content=\"index, follow, max-snippet:-1, max-image-preview:large, max-video-preview:-1\" \/>\n<link rel=\"canonical\" href=\"https:\/\/bards.fr\/kontakty\/\" \/>\n<meta property=\"og:locale\" content=\"fr_FR\" \/>\n<meta property=\"og:type\" content=\"article\" \/>\n<meta property=\"og:title\" content=\"Nous contacter - Club Parisien de la chanson d&#039;auteur\" \/>\n<meta property=\"og:url\" content=\"https:\/\/bards.fr\/kontakty\/\" \/>\n<meta property=\"og:site_name\" content=\"Club Parisien de la chanson d&#039;auteur\" \/>\n<meta property=\"article:publisher\" content=\"https:\/\/www.facebook.com\/groups\/chanson.russe\" \/>\n<meta property=\"article:modified_time\" content=\"2022-04-23T11:51:18+00:00\" \/>\n<meta property=\"og:image\" content=\"https:\/\/bards.fr\/wp-content\/uploads\/facebook.png\" \/>\n\t<meta property=\"og:image:width\" content=\"272\" \/>\n\t<meta property=\"og:image:height\" content=\"185\" \/>\n\t<meta property=\"og:image:type\" content=\"image\/png\" \/>\n<meta name=\"twitter:card\" content=\"summary_large_image\" \/>\n<script type=\"application\/ld+json\" class=\"yoast-schema-graph\">{\"@context\":\"https:\/\/schema.org\",\"@graph\":[{\"@type\":\"WebPage\",\"@id\":\"https:\/\/bards.fr\/kontakty\/\",\"url\":\"https:\/\/bards.fr\/kontakty\/\",\"name\":\"Nous contacter - Club Parisien de la chanson d&#039;auteur\",\"isPartOf\":{\"@id\":\"https:\/\/bards.fr\/fr\/#website\"},\"datePublished\":\"2016-03-07T08:14:30+00:00\",\"dateModified\":\"2022-04-23T11:51:18+00:00\",\"breadcrumb\":{\"@id\":\"https:\/\/bards.fr\/kontakty\/#breadcrumb\"},\"inLanguage\":\"fr-FR\",\"potentialAction\":[{\"@type\":\"ReadAction\",\"target\":[\"https:\/\/bards.fr\/kontakty\/\"]}]},{\"@type\":\"BreadcrumbList\",\"@id\":\"https:\/\/bards.fr\/kontakty\/#breadcrumb\",\"itemListElement\":[{\"@type\":\"ListItem\",\"position\":1,\"name\":\"Home\",\"item\":\"https:\/\/bards.fr\/\"},{\"@type\":\"ListItem\",\"position\":2,\"name\":\"\u041a\u043e\u043d\u0442\u0430\u043a\u0442\u044b\"}]},{\"@type\":\"WebSite\",\"@id\":\"https:\/\/bards.fr\/fr\/#website\",\"url\":\"https:\/\/bards.fr\/fr\/\",\"name\":\"Club Parisien de la chanson d&#039;auteur\",\"description\":\"\u041a\u0421\u041f \u0432 \u041f\u0430\u0440\u0438\u0436\u0435\",\"potentialAction\":[{\"@type\":\"SearchAction\",\"target\":{\"@type\":\"EntryPoint\",\"urlTemplate\":\"https:\/\/bards.fr\/fr\/?s={search_term_string}\"},\"query-input\":\"required name=search_term_string\"}],\"inLanguage\":\"fr-FR\"}]}<\/script>\n<!-- \/ Yoast SEO plugin. -->","yoast_head_json":{"title":"Nous contacter - Club Parisien de la chanson d&#039;auteur","robots":{"index":"index","follow":"follow","max-snippet":"max-snippet:-1","max-image-preview":"max-image-preview:large","max-video-preview":"max-video-preview:-1"},"canonical":"https:\/\/bards.fr\/kontakty\/","og_locale":"fr_FR","og_type":"article","og_title":"Nous contacter - Club Parisien de la chanson d&#039;auteur","og_url":"https:\/\/bards.fr\/kontakty\/","og_site_name":"Club Parisien de la chanson d&#039;auteur","article_publisher":"https:\/\/www.facebook.com\/groups\/chanson.russe","article_modified_time":"2022-04-23T11:51:18+00:00","og_image":[{"width":272,"height":185,"url":"https:\/\/bards.fr\/wp-content\/uploads\/facebook.png","type":"image\/png"}],"twitter_card":"summary_large_image","schema":{"@context":"https:\/\/schema.org","@graph":[{"@type":"WebPage","@id":"https:\/\/bards.fr\/kontakty\/","url":"https:\/\/bards.fr\/kontakty\/","name":"Nous contacter - Club Parisien de la chanson d&#039;auteur","isPartOf":{"@id":"https:\/\/bards.fr\/fr\/#website"},"datePublished":"2016-03-07T08:14:30+00:00","dateModified":"2022-04-23T11:51:18+00:00","breadcrumb":{"@id":"https:\/\/bards.fr\/kontakty\/#breadcrumb"},"inLanguage":"fr-FR","potentialAction":[{"@type":"ReadAction","target":["https:\/\/bards.fr\/kontakty\/"]}]},{"@type":"BreadcrumbList","@id":"https:\/\/bards.fr\/kontakty\/#breadcrumb","itemListElement":[{"@type":"ListItem","position":1,"name":"Home","item":"https:\/\/bards.fr\/"},{"@type":"ListItem","position":2,"name":"\u041a\u043e\u043d\u0442\u0430\u043a\u0442\u044b"}]},{"@type":"WebSite","@id":"https:\/\/bards.fr\/fr\/#website","url":"https:\/\/bards.fr\/fr\/","name":"Club Parisien de la chanson d&#039;auteur","description":"\u041a\u0421\u041f \u0432 \u041f\u0430\u0440\u0438\u0436\u0435","potentialAction":[{"@type":"SearchAction","target":{"@type":"EntryPoint","urlTemplate":"https:\/\/bards.fr\/fr\/?s={search_term_string}"},"query-input":"required name=search_term_string"}],"inLanguage":"fr-FR"}]}},"featured_image_src":null,"featured_image_src_square":null,"_links":{"self":[{"href":"https:\/\/bards.fr\/fr\/wp-json\/wp\/v2\/pages\/692"}],"collection":[{"href":"https:\/\/bards.fr\/fr\/wp-json\/wp\/v2\/pages"}],"about":[{"href":"https:\/\/bards.fr\/fr\/wp-json\/wp\/v2\/types\/page"}],"author":[{"embeddable":true,"href":"https:\/\/bards.fr\/fr\/wp-json\/wp\/v2\/users\/1"}],"replies":[{"embeddable":true,"href":"https:\/\/bards.fr\/fr\/wp-json\/wp\/v2\/comments?post=692"}],"version-history":[{"count":4,"href":"https:\/\/bards.fr\/fr\/wp-json\/wp\/v2\/pages\/692\/revisions"}],"predecessor-version":[{"id":2144,"href":"https:\/\/bards.fr\/fr\/wp-json\/wp\/v2\/pages\/692\/revisions\/2144"}],"wp:attachment":[{"href":"https:\/\/bards.fr\/fr\/wp-json\/wp\/v2\/media?parent=692"}],"curies":[{"name":"wp","href":"https:\/\/api.w.org\/{rel}","templated":true}]}}